{"id":496,"date":"2017-01-23T19:47:15","date_gmt":"2017-01-23T19:47:15","guid":{"rendered":"http:\/\/www.hospitalnossolar.com.br\/portal\/?page_id=496"},"modified":"2017-01-23T19:56:21","modified_gmt":"2017-01-23T19:56:21","slug":"atendimentos-de-convenios-e-particulares","status":"publish","type":"page","link":"https:\/\/www.hospitalnossolar.com.br\/portal\/atendimentos-de-convenios-e-particulares\/","title":{"rendered":"Atendimentos de Conv\u00eanios e Particulares"},"content":{"rendered":"<p>O Setor \u201cRecanto de Paz\u201d \u00e9 destinado as interna\u00e7\u00f5es de pacientes particulares e pacientes que possuem plano de sa\u00fade. Um local onde ofereceremos um servi\u00e7o diferenciado de atendimento, procurando proporcionar ao paciente um ambiente de paz e tranquilidade para seu tratamento.<\/p>\n<div align=\"center\">\n<hr align=\"center\" size=\"1\" width=\"100%\" \/>\n<\/div>\n<p><b>Interna\u00e7\u00f5es<\/b><br \/>\nAs interna\u00e7\u00f5es s\u00e3o efetuadas na Recep\u00e7\u00e3o do Setor, no per\u00edodo das 06h \u00e0s 18h e no per\u00edodo noturno com agendamento do m\u00e9dico de plant\u00e3o,\u00a0 ap\u00f3s a consulta e avalia\u00e7\u00e3o do m\u00e9dico\u00a0 e existindo a necessidade ap\u00f3s diagn\u00f3stico o paciente \u00e9 internado.<b>Documentos Necess\u00e1rios para interna\u00e7\u00e3o:<\/b><\/p>\n<p><b>Conv\u00eanios:<\/b><br \/>\nGuia de interna\u00e7\u00e3o do Conv\u00eanio, devidamente preenchida pelo M\u00e9dico Assistente;<br \/>\nCart\u00e3o do Conv\u00eanio\u00a0 com a validade em dia;<br \/>\nDocumentos pessoais do Paciente (RG e CPF);<br \/>\nDocumentos do respons\u00e1vel pela interna\u00e7\u00e3o (RG e CPF);<br \/>\nComprovante de resid\u00eancia<\/p>\n<p>.<b>Particulares:<\/b><br \/>\nGuia de interna\u00e7\u00e3o do Hospital, devidamente preenchida pelo M\u00e9dico Assistente;<br \/>\nDocumentos pessoais do Paciente (RG e CPF);<br \/>\nDocumentos do respons\u00e1vel pela interna\u00e7\u00e3o (RG e CPF);<br \/>\nComprovante de resid\u00eancia.<\/p>\n<p><b>Servi\u00e7os de Hotelaria<\/b><\/p>\n<p>O setor esta dividido em duas alas, sendo ala feminina e masculina. Dispondo de apartamento individual com frigobar, ar condicionado e TV, com direito h\u00e1 acompanhante 24 horas.<br \/>\nAs enfermaria femininas possuem 3 e 4 leitos, TV , com ventiladores e alguns quartos com ar condicionado.<br \/>\nAs enfermaria masculinas possuem 3 e 4 leitos, com ventiladores.<\/p>\n<p>S\u00e3o oferecidas cinco refei\u00e7\u00f5es di\u00e1rias (caf\u00e9 da manh\u00e3, almo\u00e7o, lanche da tarde, jantar e ceia), al\u00e9m da cantina que \u00e9 uma op\u00e7\u00e3o dos pacientes no hor\u00e1rio da visita.<\/p>\n<p><b>Atendimento M\u00e9dico e Odontol\u00f3gico<\/b><\/p>\n<p>M\u00e9dico plantonista para atendimento aos pacientes cobrindo as 24horas do dia, trazendo atendimento a qualquer ocorr\u00eancia com os pacientes.<br \/>\nM\u00e9dico Cl\u00ednico, para analisar a parte cl\u00ednica de cada paciente.<br \/>\nOdont\u00f3logo que presta servi\u00e7os para os casos de emerg\u00eancias.<br \/>\nE nos casos que requerem um cuidado cl\u00ednico mais intensivos s\u00e3o feitos encaminhamentos para outras unidades hospitalares para tratamentos mais espec\u00edficos.<\/p>\n<p><b>Atendimento Equipe Multiprofissional<\/b><\/p>\n<p>Equipe Multiprofissional composta por: Assistente Social, Educador F\u00edsico, Enfermagem, Farmac\u00eautica, M\u00e9dico, Nutricionista, Odont\u00f3logo, Psic\u00f3loga e Terapeuta Ocupacional.<br \/>\nA Equipe de enfermagem \u00e9 composta por Enfermeiro e\u00a0 T\u00e9cnicos de Enfermagem no per\u00edodo das 24 horas di\u00e1rias.<br \/>\nAs Psic\u00f3logas desenvolvem terapia em grupo e atendimentos individuais.\u00a0 Debatendo temas relativos \u00e0 doen\u00e7a e os tratamentos.<br \/>\nAs Terapeutas Ocupacionais desenvolvem com os pacientes atividades de trabalhos manuais tais como: Pintura em telas cartolinas; recortes de revistas; bordados; tric\u00f4 entre outros.<br \/>\nO Educador F\u00edsico realiza as atividades f\u00edsicas internamente\u00a0 e externamente, possu\u00edmos uma modesta academia de gin\u00e1stica, e quadra poliesportiva para atividades.<br \/>\nAs Assistentes Sociais d\u00e3o o suporte na parte de relacionamentos entre os pacientes e os familiares; entre os pacientes e os m\u00e9dicos, agendamento de outros servi\u00e7os complementares, controle de visita;\u00a0 interna\u00e7\u00e3o e altas.<\/p>\n<p>A Nutricionista acompanha os pacientes mais debilitados e organiza refei\u00e7\u00f5es balanceadas com o todos os nutrientes necess\u00e1rios para se reestabelecer a sa\u00fade.<\/p>\n<p><b>Visitas, Liga\u00e7\u00f5es telef\u00f4nicas,\u00a0 Assembl\u00e9ias e Sal\u00e3o de Beleza\u00a0\u00a0<\/b><\/p>\n<p>As visitas s\u00e3o realizadas todos os dias no per\u00edodo vespertino das 15h30min \u00e0s 16h30min.<\/p>\n<p>S\u00e3o realizadas quinzenalmente Assembl\u00e9ia com os pacientes, momento este em que o paciente tem o direito de elogiar, criticar, pedir mudan\u00e7as e dar sugest\u00f5es.<br \/>\n\u00c0s ter\u00e7as e quintas feiras temos o nosso sal\u00e3o nosso lar onde um profissional faz barba e corte de cabelo nos pacientes homens, e nas pacientes mulheres, corte e escova, levantando a autoestima dos internos.<\/p>\n<p>Os pacientes junto com a assistente social realizam e recebem\u00a0 liga\u00e7\u00f5es aos familiares quando necessitam.<\/p>\n","protected":false},"excerpt":{"rendered":"<p>O Setor \u201cRecanto de Paz\u201d \u00e9 destinado as interna\u00e7\u00f5es de pacientes particulares e pacientes que possuem plano de sa\u00fade. Um local onde ofereceremos um servi\u00e7o diferenciado de atendimento, procurando proporcionar ao paciente um ambiente de paz e tranquilidade para seu tratamento. Interna\u00e7\u00f5es As interna\u00e7\u00f5es s\u00e3o efetuadas na Recep\u00e7\u00e3o do Setor, no per\u00edodo das 06h \u00e0s [&hellip;]<\/p>\n","protected":false},"author":1,"featured_media":0,"parent":0,"menu_order":0,"comment_status":"closed","ping_status":"closed","template":"templates\/front_1.php","meta":{"footnotes":""},"class_list":["post-496","page","type-page","status-publish","hentry"],"_links":{"self":[{"href":"https:\/\/www.hospitalnossolar.com.br\/portal\/wp-json\/wp\/v2\/pages\/496","targetHints":{"allow":["GET"]}}],"collection":[{"href":"https:\/\/www.hospitalnossolar.com.br\/portal\/wp-json\/wp\/v2\/pages"}],"about":[{"href":"https:\/\/www.hospitalnossolar.com.br\/portal\/wp-json\/wp\/v2\/types\/page"}],"author":[{"embeddable":true,"href":"https:\/\/www.hospitalnossolar.com.br\/portal\/wp-json\/wp\/v2\/users\/1"}],"replies":[{"embeddable":true,"href":"https:\/\/www.hospitalnossolar.com.br\/portal\/wp-json\/wp\/v2\/comments?post=496"}],"version-history":[{"count":1,"href":"https:\/\/www.hospitalnossolar.com.br\/portal\/wp-json\/wp\/v2\/pages\/496\/revisions"}],"predecessor-version":[{"id":497,"href":"https:\/\/www.hospitalnossolar.com.br\/portal\/wp-json\/wp\/v2\/pages\/496\/revisions\/497"}],"wp:attachment":[{"href":"https:\/\/www.hospitalnossolar.com.br\/portal\/wp-json\/wp\/v2\/media?parent=496"}],"curies":[{"name":"wp","href":"https:\/\/api.w.org\/{rel}","templated":true}]}}