{"id":521,"date":"2017-02-08T19:51:39","date_gmt":"2017-02-08T19:51:39","guid":{"rendered":"http:\/\/www.hospitalnossolar.com.br\/portal\/?page_id=521"},"modified":"2017-02-08T21:40:21","modified_gmt":"2017-02-08T21:40:21","slug":"doacao-energia","status":"publish","type":"page","link":"http:\/\/www.hospitalnossolar.com.br\/portal\/doacao-energia\/","title":{"rendered":"Doa\u00e7\u00e3o energia"},"content":{"rendered":"<div id=\"pl-521\"  class=\"panel-layout\" ><div id=\"pg-521-0\"  class=\"panel-grid panel-no-style\" ><div id=\"pgc-521-0-0\"  class=\"panel-grid-cell\" ><div id=\"panel-521-0-0-0\" class=\"so-panel widget widget_black-studio-tinymce widget_black_studio_tinymce panel-first-child panel-last-child\" data-index=\"0\" ><div class=\"textwidget\"><p><a href=\"http:\/\/www.hospitalnossolar.com.br\/portal\/wp-content\/uploads\/2017\/02\/tela-energisa-4.png\"><img fetchpriority=\"high\" decoding=\"async\" class=\"alignright wp-image-534 size-full\" src=\"http:\/\/www.hospitalnossolar.com.br\/portal\/wp-content\/uploads\/2017\/02\/tela-energisa-4.png\" width=\"300\" height=\"563\" srcset=\"http:\/\/www.hospitalnossolar.com.br\/portal\/wp-content\/uploads\/2017\/02\/tela-energisa-4.png 300w, http:\/\/www.hospitalnossolar.com.br\/portal\/wp-content\/uploads\/2017\/02\/tela-energisa-4-160x300.png 160w\" sizes=\"(max-width: 300px) 100vw, 300px\" \/><\/a><\/p>\n<\/div><\/div><\/div><div id=\"pgc-521-0-1\"  class=\"panel-grid-cell\" ><div id=\"panel-521-0-1-0\" class=\"so-panel widget widget_black-studio-tinymce widget_black_studio_tinymce panel-first-child panel-last-child\" data-index=\"1\" ><div class=\"textwidget\"><p>\n<div class=\"wpcf7 no-js\" id=\"wpcf7-f520-o1\" lang=\"pt-BR\" dir=\"ltr\" data-wpcf7-id=\"520\">\n<div class=\"screen-reader-response\"><p role=\"status\" aria-live=\"polite\" aria-atomic=\"true\"><\/p> <ul><\/ul><\/div>\n<form action=\"\/portal\/wp-json\/wp\/v2\/pages\/521#wpcf7-f520-o1\" method=\"post\" class=\"wpcf7-form init\" aria-label=\"Formul\u00e1rios de contato\" novalidate=\"novalidate\" data-status=\"init\">\n<fieldset class=\"hidden-fields-container\"><input type=\"hidden\" name=\"_wpcf7\" value=\"520\" \/><input type=\"hidden\" name=\"_wpcf7_version\" value=\"6.1.4\" \/><input type=\"hidden\" name=\"_wpcf7_locale\" value=\"pt_BR\" \/><input type=\"hidden\" name=\"_wpcf7_unit_tag\" value=\"wpcf7-f520-o1\" \/><input type=\"hidden\" name=\"_wpcf7_container_post\" value=\"0\" \/><input type=\"hidden\" name=\"_wpcf7_posted_data_hash\" value=\"\" \/>\n<\/fieldset>\n<p><label> Seu nome (obrigat\u00f3rio)<br \/>\n<span class=\"wpcf7-form-control-wrap\" data-name=\"your-name\"><input size=\"40\" maxlength=\"400\" class=\"wpcf7-form-control wpcf7-text wpcf7-validates-as-required\" aria-required=\"true\" aria-invalid=\"false\" value=\"\" type=\"text\" name=\"your-name\" \/><\/span> <\/label> &nbsp;\n<\/p>\n<td>\n\t<p>&nbsp; <label> Seu e-mail (obrigat\u00f3rio) <span class=\"wpcf7-form-control-wrap\" data-name=\"your-email\"><input size=\"40\" maxlength=\"400\" class=\"wpcf7-form-control wpcf7-email wpcf7-validates-as-required wpcf7-text wpcf7-validates-as-email\" aria-required=\"true\" aria-invalid=\"false\" value=\"\" type=\"email\" name=\"your-email\" \/><\/span> <\/label>\n\t<\/p>\n\t<p><label> CPF<br \/>\n<span class=\"wpcf7-form-control-wrap\" data-name=\"cpf\"><input size=\"40\" maxlength=\"400\" class=\"wpcf7-form-control wpcf7-text wpcf7-validates-as-required\" aria-required=\"true\" aria-invalid=\"false\" value=\"\" type=\"text\" name=\"cpf\" \/><\/span> <\/label> &nbsp;\n\t<\/p>\n<\/td>\n<td>\n\t<p>&nbsp; <label> Telefone <span class=\"wpcf7-form-control-wrap\" data-name=\"telefone\"><input size=\"40\" maxlength=\"400\" class=\"wpcf7-form-control wpcf7-text wpcf7-validates-as-required\" aria-required=\"true\" aria-invalid=\"false\" value=\"\" type=\"text\" name=\"telefone\" \/><\/span> <\/label>\n\t<\/p>\n\t<p><label> Endere\u00e7o<br \/>\n<span class=\"wpcf7-form-control-wrap\" data-name=\"endereo\"><input size=\"40\" maxlength=\"400\" class=\"wpcf7-form-control wpcf7-text wpcf7-validates-as-required\" aria-required=\"true\" aria-invalid=\"false\" value=\"rua, numero\" type=\"text\" name=\"endereo\" \/><\/span> <\/label> &nbsp;\n\t<\/p>\n<\/td>\n<td>\n\t<p>&nbsp; <label> Bairro <span class=\"wpcf7-form-control-wrap\" data-name=\"Bairro\"><input size=\"40\" maxlength=\"400\" class=\"wpcf7-form-control wpcf7-text wpcf7-validates-as-required\" aria-required=\"true\" aria-invalid=\"false\" value=\"\" type=\"text\" name=\"Bairro\" \/><\/span> <\/label>\n\t<\/p>\n\t<p><label> Cidade<br \/>\n<span class=\"wpcf7-form-control-wrap\" data-name=\"Cidade\"><input size=\"40\" maxlength=\"400\" class=\"wpcf7-form-control wpcf7-text wpcf7-validates-as-required\" aria-required=\"true\" aria-invalid=\"false\" value=\"\" type=\"text\" name=\"Cidade\" \/><\/span> <\/label> &nbsp;\n\t<\/p>\n<\/td>\n<td>\n\t<p>&nbsp; <label> Unidade consumidora <span class=\"wpcf7-form-control-wrap\" data-name=\"unidade-consumidora\"><input size=\"40\" maxlength=\"400\" class=\"wpcf7-form-control wpcf7-text wpcf7-validates-as-required\" aria-required=\"true\" aria-invalid=\"false\" value=\"\" type=\"text\" name=\"unidade-consumidora\" \/><\/span> <\/label>\n\t<\/p>\n\t<p><label> Estado<br \/>\n<span class=\"wpcf7-form-control-wrap\" data-name=\"estado\"><select class=\"wpcf7-form-control wpcf7-select wpcf7-validates-as-required\" aria-required=\"true\" aria-invalid=\"false\" name=\"estado\"><option value=\"\">&#8212;Escolha uma op\u00e7\u00e3o&#8212;<\/option><option value=\"Acre-AC\">Acre-AC<\/option><option value=\"Alagoas-AL\">Alagoas-AL<\/option><option value=\"Amap\u00e1-AP\">Amap\u00e1-AP<\/option><option value=\"Amazonas-AM\">Amazonas-AM<\/option><option value=\"Bahia-BA\">Bahia-BA<\/option><option value=\"Cear\u00e1-CE\">Cear\u00e1-CE<\/option><option value=\"Distrito Federal-DF\">Distrito Federal-DF<\/option><option value=\"Esp\u00edrito Santo-ES\">Esp\u00edrito Santo-ES<\/option><option value=\"Goi\u00e1s-GO\">Goi\u00e1s-GO<\/option><option value=\"Maranh\u00e3o-MA\">Maranh\u00e3o-MA<\/option><option value=\"Mato Grosso-MT\">Mato Grosso-MT<\/option><option value=\"Mato Grosso do Sul-MS\">Mato Grosso do Sul-MS<\/option><option value=\"Minas Gerais-MG\">Minas Gerais-MG<\/option><option value=\"Par\u00e1-PA\">Par\u00e1-PA<\/option><option value=\"Para\u00edba-PB\">Para\u00edba-PB<\/option><option value=\"Paran\u00e1-PR\">Paran\u00e1-PR<\/option><option value=\"Pernambuco-PE\">Pernambuco-PE<\/option><option value=\"Piau\u00ed-PI\">Piau\u00ed-PI<\/option><option value=\"Rio de Janeiro-RJ\">Rio de Janeiro-RJ<\/option><option value=\"Rio Grande do Norte-RN\">Rio Grande do Norte-RN<\/option><option value=\"Rio Grande do Sul-RS\">Rio Grande do Sul-RS<\/option><option value=\"Rond\u00f4nia-RO\">Rond\u00f4nia-RO<\/option><option value=\"Roraima-RR\">Roraima-RR<\/option><option value=\"Santa Catarina-SC\">Santa Catarina-SC<\/option><option value=\"S\u00e3o Paulo-SP\">S\u00e3o Paulo-SP<\/option><option value=\"Sergipe-SE\">Sergipe-SE<\/option><option value=\"Tocantins \tTO\">Tocantins \tTO<\/option><\/select><\/span> <\/label><br \/>\n============================================================================<br \/>\nValor da doa\u00e7\u00e3o:<br \/>\n<span class=\"wpcf7-form-control-wrap\" data-name=\"valor\"><span class=\"wpcf7-form-control wpcf7-radio\"><span class=\"wpcf7-list-item first\"><input type=\"radio\" name=\"valor\" value=\"R$ 3.00\" checked=\"checked\" \/><span class=\"wpcf7-list-item-label\">R$ 3.00<\/span><\/span><span class=\"wpcf7-list-item\"><input type=\"radio\" name=\"valor\" value=\"R$ 5.00\" \/><span class=\"wpcf7-list-item-label\">R$ 5.00<\/span><\/span><span class=\"wpcf7-list-item\"><input type=\"radio\" name=\"valor\" value=\"R$ 7.00\" \/><span class=\"wpcf7-list-item-label\">R$ 7.00<\/span><\/span><span class=\"wpcf7-list-item\"><input type=\"radio\" name=\"valor\" value=\"R$ 10.00\" \/><span class=\"wpcf7-list-item-label\">R$ 10.00<\/span><\/span><span class=\"wpcf7-list-item\"><input type=\"radio\" name=\"valor\" value=\"R$ 15.00\" \/><span class=\"wpcf7-list-item-label\">R$ 15.00<\/span><\/span><span class=\"wpcf7-list-item\"><input type=\"radio\" name=\"valor\" value=\"R$ 20.00\" \/><span class=\"wpcf7-list-item-label\">R$ 20.00<\/span><\/span><span class=\"wpcf7-list-item\"><input type=\"radio\" name=\"valor\" value=\"R$ 30.00\" \/><span class=\"wpcf7-list-item-label\">R$ 30.00<\/span><\/span><span class=\"wpcf7-list-item\"><input type=\"radio\" name=\"valor\" value=\"R$ 50.00\" \/><span class=\"wpcf7-list-item-label\">R$ 50.00<\/span><\/span><span class=\"wpcf7-list-item last\"><input type=\"radio\" name=\"valor\" value=\"R$ 100.00\" \/><span class=\"wpcf7-list-item-label\">R$ 100.00<\/span><\/span><\/span><\/span>\n\t<\/p>\n\t<p><input class=\"wpcf7-form-control wpcf7-submit has-spinner\" type=\"submit\" value=\"Enviar\" \/>\n\t<\/p>\n<\/td><div class=\"wpcf7-response-output\" aria-hidden=\"true\"><\/div>\n<\/form>\n<\/div>\n<\/p>\n<\/div><\/div><\/div><\/div><\/div>","protected":false},"excerpt":{"rendered":"<p>Seu nome (obrigat\u00f3rio) &nbsp; &nbsp; Seu e-mail (obrigat\u00f3rio) CPF &nbsp; &nbsp; Telefone Endere\u00e7o &nbsp; &nbsp; Bairro Cidade &nbsp; &nbsp; Unidade consumidora Estado &#8212;Escolha uma op\u00e7\u00e3o&#8212;Acre-ACAlagoas-ALAmap\u00e1-APAmazonas-AMBahia-BACear\u00e1-CEDistrito Federal-DFEsp\u00edrito Santo-ESGoi\u00e1s-GOMaranh\u00e3o-MAMato Grosso-MTMato Grosso do Sul-MSMinas Gerais-MGPar\u00e1-PAPara\u00edba-PBParan\u00e1-PRPernambuco-PEPiau\u00ed-PIRio de Janeiro-RJRio Grande do Norte-RNRio Grande do Sul-RSRond\u00f4nia-RORoraima-RRSanta Catarina-SCS\u00e3o Paulo-SPSergipe-SETocantins TO ============================================================================ Valor da doa\u00e7\u00e3o: R$ 3.00R$ 5.00R$ 7.00R$ 10.00R$ 15.00R$ 20.00R$ 30.00R$ [&hellip;]<\/p>\n","protected":false},"author":1,"featured_media":0,"parent":0,"menu_order":0,"comment_status":"closed","ping_status":"closed","template":"templates\/front_1.php","meta":{"footnotes":""},"class_list":["post-521","page","type-page","status-publish","hentry"],"_links":{"self":[{"href":"http:\/\/www.hospitalnossolar.com.br\/portal\/wp-json\/wp\/v2\/pages\/521","targetHints":{"allow":["GET"]}}],"collection":[{"href":"http:\/\/www.hospitalnossolar.com.br\/portal\/wp-json\/wp\/v2\/pages"}],"about":[{"href":"http:\/\/www.hospitalnossolar.com.br\/portal\/wp-json\/wp\/v2\/types\/page"}],"author":[{"embeddable":true,"href":"http:\/\/www.hospitalnossolar.com.br\/portal\/wp-json\/wp\/v2\/users\/1"}],"replies":[{"embeddable":true,"href":"http:\/\/www.hospitalnossolar.com.br\/portal\/wp-json\/wp\/v2\/comments?post=521"}],"version-history":[{"count":8,"href":"http:\/\/www.hospitalnossolar.com.br\/portal\/wp-json\/wp\/v2\/pages\/521\/revisions"}],"predecessor-version":[{"id":535,"href":"http:\/\/www.hospitalnossolar.com.br\/portal\/wp-json\/wp\/v2\/pages\/521\/revisions\/535"}],"wp:attachment":[{"href":"http:\/\/www.hospitalnossolar.com.br\/portal\/wp-json\/wp\/v2\/media?parent=521"}],"curies":[{"name":"wp","href":"https:\/\/api.w.org\/{rel}","templated":true}]}}