{"id":40,"date":"2016-01-22T11:27:03","date_gmt":"2016-01-22T11:27:03","guid":{"rendered":"http:\/\/www.hospitalnossolar.com.br\/portal\/?page_id=40"},"modified":"2023-04-14T16:26:56","modified_gmt":"2023-04-14T16:26:56","slug":"principal","status":"publish","type":"page","link":"http:\/\/www.hospitalnossolar.com.br\/portal\/","title":{"rendered":"Principal"},"content":{"rendered":"<div id=\"pl-40\"  class=\"panel-layout\" ><div id=\"pg-40-0\"  class=\"panel-grid panel-no-style\" ><div id=\"pgc-40-0-0\"  class=\"panel-grid-cell\" ><div id=\"panel-40-0-0-0\" class=\"so-panel widget widget_black-studio-tinymce widget_black_studio_tinymce panel-first-child\" data-index=\"0\" ><div class=\"textwidget\"><h4><span style=\"color: #aca442;\"><strong>Not\u00edcias<\/strong><\/span><\/h4>\n<\/div><\/div><div id=\"panel-40-0-0-1\" class=\"so-panel widget widget_rpwe_widget rpwe_widget recent-posts-extended panel-last-child\" data-index=\"1\" ><style>.rpwe-block ul{\nlist-style: none !important;\nmargin-left: 0 !important;\npadding-left: 0 !important;\n}\n\n.rpwe-block li{\nborder-bottom: 1px solid #eee;\nmargin-bottom: 10px;\npadding-bottom: 10px;\nlist-style-type: none;\n}\n\n.rpwe-block a{\ndisplay: inline !important;\ntext-decoration: none;\n}\n\n.rpwe-block h3{\nbackground: none !important;\nclear: none;\nmargin-bottom: 0 !important;\nmargin-top: 0 !important;\nfont-weight: 400;\nfont-size: 16px !important;\nline-height: 1.5em;\n}\n\n.rpwe-thumb{\nborder: 1px solid #eee !important;\nbox-shadow: none !important;\nmargin: 2px 10px 2px 0;\npadding: 3px !important;\n}\n\n.rpwe-summary{\nfont-size: 12px;\n}\n\n.rpwe-time{\ncolor: #bbb;\nfont-size: 11px;\n}\n\n.rpwe-comment{\ncolor: #bbb;\nfont-size: 11px;\npadding-left: 5px;\n}\n\n.rpwe-alignleft{\ndisplay: inline;\nfloat: left;\n}\n\n.rpwe-alignright{\ndisplay: inline;\nfloat: right;\n}\n\n.rpwe-aligncenter{\ndisplay: block;\nmargin-left: auto;\nmargin-right: auto;\n}\n\n.rpwe-clearfix:before,\n.rpwe-clearfix:after{\ncontent: &quot;&quot;;\ndisplay: table !important;\n}\n\n.rpwe-clearfix:after{\nclear: both;\n}\n\n.rpwe-clearfix{\nzoom: 1;\n}\n<\/style><div  class=\"rpwe-block\"><ul class=\"rpwe-ul\"><li class=\"rpwe-li rpwe-clearfix\"><a class=\"rpwe-img\" href=\"http:\/\/www.hospitalnossolar.com.br\/portal\/noticias\/arraia-garante-a-diversao-dos-pacientes-do-hospital-nosso-lar\/\" target=\"_self\"><img loading=\"lazy\" class=\"rpwe-alignleft rpwe-thumb\" src=\"http:\/\/www.hospitalnossolar.com.br\/portal\/wp-content\/uploads\/2018\/07\/IMG_9197-80x80.jpg\" alt=\"Arrai\u00e1 garante a divers\u00e3o dos pacientes do Hospital Nosso Lar\" height=\"80\" width=\"80\" loading=\"lazy\" decoding=\"async\"><\/a><h3 class=\"rpwe-title\"><a href=\"http:\/\/www.hospitalnossolar.com.br\/portal\/noticias\/arraia-garante-a-diversao-dos-pacientes-do-hospital-nosso-lar\/\" target=\"_self\">Arrai\u00e1 garante a divers\u00e3o dos pacientes do Hospital Nosso Lar<\/a><\/h3><div class=\"rpwe-summary\"> &hellip;<a href=\"http:\/\/www.hospitalnossolar.com.br\/portal\/noticias\/arraia-garante-a-diversao-dos-pacientes-do-hospital-nosso-lar\/\" class=\"more-link\">leia mais \u00bb<\/a><\/div><\/li><li class=\"rpwe-li rpwe-clearfix\"><a class=\"rpwe-img\" href=\"http:\/\/www.hospitalnossolar.com.br\/portal\/noticias\/acao-fraterna-entre-amigos-2017-e-encerrada-com-entrega-de-premios-aos-participantes-sorteados\/\" target=\"_self\"><img loading=\"lazy\" class=\"rpwe-alignleft rpwe-thumb\" src=\"http:\/\/www.hospitalnossolar.com.br\/portal\/wp-content\/uploads\/2018\/02\/DSC7882-80x80.jpg\" alt=\"A\u00e7\u00e3o Fraterna Entre Amigos 2017 \u00e9 encerrada com entrega de pr\u00eamios aos participantes sorteados\" height=\"80\" width=\"80\" loading=\"lazy\" decoding=\"async\"><\/a><h3 class=\"rpwe-title\"><a href=\"http:\/\/www.hospitalnossolar.com.br\/portal\/noticias\/acao-fraterna-entre-amigos-2017-e-encerrada-com-entrega-de-premios-aos-participantes-sorteados\/\" target=\"_self\">A\u00e7\u00e3o Fraterna Entre Amigos 2017 \u00e9 encerrada com entrega de pr\u00eamios aos participantes sorteados<\/a><\/h3><div class=\"rpwe-summary\"> &hellip;<a href=\"http:\/\/www.hospitalnossolar.com.br\/portal\/noticias\/acao-fraterna-entre-amigos-2017-e-encerrada-com-entrega-de-premios-aos-participantes-sorteados\/\" class=\"more-link\">leia mais \u00bb<\/a><\/div><\/li><li class=\"rpwe-li rpwe-clearfix\"><a class=\"rpwe-img\" href=\"http:\/\/www.hospitalnossolar.com.br\/portal\/noticias\/nosso-lar-realiza-semana-de-combate-a-aids-com-realizacao-de-exames-em-todos-os-funcionarios-pacientes-e-seus-familiares\/\" target=\"_self\"><img loading=\"lazy\" class=\"rpwe-alignleft rpwe-thumb\" src=\"http:\/\/www.hospitalnossolar.com.br\/portal\/wp-content\/uploads\/2017\/12\/download-80x80.png\" alt=\"Nosso Lar realiza Semana de Combate \u00e0 Aids com realiza\u00e7\u00e3o de exames em todos os funcion\u00e1rios, pacientes e seus familiares\" height=\"80\" width=\"80\" loading=\"lazy\" decoding=\"async\"><\/a><h3 class=\"rpwe-title\"><a href=\"http:\/\/www.hospitalnossolar.com.br\/portal\/noticias\/nosso-lar-realiza-semana-de-combate-a-aids-com-realizacao-de-exames-em-todos-os-funcionarios-pacientes-e-seus-familiares\/\" target=\"_self\">Nosso Lar realiza Semana de Combate \u00e0 Aids com realiza\u00e7\u00e3o de exames em todos os funcion\u00e1rios, pacientes e seus familiares<\/a><\/h3><div class=\"rpwe-summary\"> &hellip;<a href=\"http:\/\/www.hospitalnossolar.com.br\/portal\/noticias\/nosso-lar-realiza-semana-de-combate-a-aids-com-realizacao-de-exames-em-todos-os-funcionarios-pacientes-e-seus-familiares\/\" class=\"more-link\">leia mais \u00bb<\/a><\/div><\/li><\/ul><\/div><!-- Generated by http:\/\/wordpress.org\/plugins\/recent-posts-widget-extended\/ --><\/div><\/div><div id=\"pgc-40-0-1\"  class=\"panel-grid-cell\" ><div id=\"panel-40-0-1-0\" class=\"so-panel widget widget_black-studio-tinymce widget_black_studio_tinymce panel-first-child\" data-index=\"2\" ><div class=\"textwidget\"><h4><span style=\"color: #aca442;\"><strong>Eventos<\/strong><\/span><\/h4>\n<\/div><\/div><div id=\"panel-40-0-1-1\" class=\"so-panel widget widget_rpwe_widget rpwe_widget recent-posts-extended panel-last-child\" data-index=\"3\" ><div class=\"panel-widget-style panel-widget-style-for-40-0-1-1\" ><style>.rpwe-block ul{\nlist-style: none !important;\nmargin-left: 0 !important;\npadding-left: 0 !important;\n}\n\n.rpwe-block li{\nborder-bottom: 1px solid #eee;\nmargin-bottom: 10px;\npadding-bottom: 10px;\nlist-style-type: none;\n}\n\n.rpwe-block a{\ndisplay: inline !important;\ntext-decoration: none;\n}\n\n.rpwe-block h3{\nbackground: none !important;\nclear: none;\nmargin-bottom: 0 !important;\nmargin-top: 0 !important;\nfont-weight: 400;\nfont-size: 16px !important;\nline-height: 1.5em;\n}\n\n.rpwe-thumb{\nborder: 1px solid #eee !important;\nbox-shadow: none !important;\nmargin: 2px 10px 2px 0;\npadding: 3px !important;\n}\n\n.rpwe-summary{\nfont-size: 12px;\n}\n\n.rpwe-time{\ncolor: #bbb;\nfont-size: 11px;\n}\n\n.rpwe-comment{\ncolor: #bbb;\nfont-size: 11px;\npadding-left: 5px;\n}\n\n.rpwe-alignleft{\ndisplay: inline;\nfloat: left;\n}\n\n.rpwe-alignright{\ndisplay: inline;\nfloat: right;\n}\n\n.rpwe-aligncenter{\ndisplay: block;\nmargin-left: auto;\nmargin-right: auto;\n}\n\n.rpwe-clearfix:before,\n.rpwe-clearfix:after{\ncontent: &quot;&quot;;\ndisplay: table !important;\n}\n\n.rpwe-clearfix:after{\nclear: both;\n}\n\n.rpwe-clearfix{\nzoom: 1;\n}\n<\/style><div  class=\"rpwe-block\"><ul class=\"rpwe-ul\"><li class=\"rpwe-li rpwe-clearfix\"><a class=\"rpwe-img\" href=\"http:\/\/www.hospitalnossolar.com.br\/portal\/eventos\/arraia-do-hospital-nosso-lar\/\" target=\"_self\"><img loading=\"lazy\" class=\"rpwe-alignleft rpwe-thumb\" src=\"http:\/\/www.hospitalnossolar.com.br\/portal\/wp-content\/uploads\/2018\/06\/WhatsApp-Image-2018-06-28-at-15.42.58-80x80.jpeg\" alt=\"Arrai\u00e1 do Hospital Nosso Lar\" height=\"80\" width=\"80\" loading=\"lazy\" decoding=\"async\"><\/a><h3 class=\"rpwe-title\"><a href=\"http:\/\/www.hospitalnossolar.com.br\/portal\/eventos\/arraia-do-hospital-nosso-lar\/\" target=\"_self\">Arrai\u00e1 do Hospital Nosso Lar<\/a><\/h3><div class=\"rpwe-summary\"> &hellip;<a href=\"http:\/\/www.hospitalnossolar.com.br\/portal\/eventos\/arraia-do-hospital-nosso-lar\/\" class=\"more-link\">leia mais \u00bb<\/a><\/div><\/li><li class=\"rpwe-li rpwe-clearfix\"><a class=\"rpwe-img\" href=\"http:\/\/www.hospitalnossolar.com.br\/portal\/eventos\/hospital-realiza-mobilizacao-relampago-alusiva-ao-janeiro-branco\/\" target=\"_self\"><img loading=\"lazy\" class=\"rpwe-alignleft rpwe-thumb\" src=\"http:\/\/www.hospitalnossolar.com.br\/portal\/wp-content\/uploads\/2018\/01\/4a2e1807-f80f-4bbb-b0f4-c35ef492bedd-e1517226613602-80x80.jpg\" alt=\"Hospital realiza mobiliza\u00e7\u00e3o rel\u00e2mpago alusiva ao Janeiro Branco nesta segunda (29)\" height=\"80\" width=\"80\" loading=\"lazy\" decoding=\"async\"><\/a><h3 class=\"rpwe-title\"><a href=\"http:\/\/www.hospitalnossolar.com.br\/portal\/eventos\/hospital-realiza-mobilizacao-relampago-alusiva-ao-janeiro-branco\/\" target=\"_self\">Hospital realiza mobiliza\u00e7\u00e3o rel\u00e2mpago alusiva ao Janeiro Branco nesta segunda (29)<\/a><\/h3><div class=\"rpwe-summary\"> &hellip;<a href=\"http:\/\/www.hospitalnossolar.com.br\/portal\/eventos\/hospital-realiza-mobilizacao-relampago-alusiva-ao-janeiro-branco\/\" class=\"more-link\">leia mais \u00bb<\/a><\/div><\/li><li class=\"rpwe-li rpwe-clearfix\"><a class=\"rpwe-img\" href=\"http:\/\/www.hospitalnossolar.com.br\/portal\/eventos\/janeiro-branco\/\" target=\"_self\"><img loading=\"lazy\" class=\"rpwe-alignleft rpwe-thumb\" src=\"http:\/\/www.hospitalnossolar.com.br\/portal\/wp-content\/uploads\/2018\/01\/janeiro-branco-2_026444b6-80x80.png\" alt=\"Janeiro Branco\" height=\"80\" width=\"80\" loading=\"lazy\" decoding=\"async\"><\/a><h3 class=\"rpwe-title\"><a href=\"http:\/\/www.hospitalnossolar.com.br\/portal\/eventos\/janeiro-branco\/\" target=\"_self\">Janeiro Branco<\/a><\/h3><div class=\"rpwe-summary\"> &hellip;<a href=\"http:\/\/www.hospitalnossolar.com.br\/portal\/eventos\/janeiro-branco\/\" class=\"more-link\">leia mais \u00bb<\/a><\/div><\/li><\/ul><\/div><!-- Generated by http:\/\/wordpress.org\/plugins\/recent-posts-widget-extended\/ --><\/div><\/div><\/div><div id=\"pgc-40-0-2\"  class=\"panel-grid-cell\" ><div id=\"panel-40-0-2-0\" class=\"so-panel widget widget_black-studio-tinymce widget_black_studio_tinymce panel-first-child\" data-index=\"4\" ><div class=\"textwidget\"><h4><span style=\"color: #aca442;\"><strong>Conv\u00eanios<\/strong><\/span><\/h4>\n<\/div><\/div><div id=\"panel-40-0-2-1\" class=\"so-panel widget\" data-index=\"5\" ><\/div><div id=\"panel-40-0-2-2\" class=\"so-panel widget widget_black-studio-tinymce widget_black_studio_tinymce\" data-index=\"6\" ><div class=\"textwidget\"><h4><span style=\"color: #aca442;\"><strong>Parceiros<\/strong><\/span><\/h4>\n<\/div><\/div><div id=\"panel-40-0-2-3\" class=\"so-panel widget panel-last-child\" data-index=\"7\" ><\/div><\/div><\/div><\/div>","protected":false},"excerpt":{"rendered":"","protected":false},"author":1,"featured_media":0,"parent":0,"menu_order":0,"comment_status":"closed","ping_status":"closed","template":"","meta":{"footnotes":""},"class_list":["post-40","page","type-page","status-publish","hentry"],"_links":{"self":[{"href":"http:\/\/www.hospitalnossolar.com.br\/portal\/wp-json\/wp\/v2\/pages\/40","targetHints":{"allow":["GET"]}}],"collection":[{"href":"http:\/\/www.hospitalnossolar.com.br\/portal\/wp-json\/wp\/v2\/pages"}],"about":[{"href":"http:\/\/www.hospitalnossolar.com.br\/portal\/wp-json\/wp\/v2\/types\/page"}],"author":[{"embeddable":true,"href":"http:\/\/www.hospitalnossolar.com.br\/portal\/wp-json\/wp\/v2\/users\/1"}],"replies":[{"embeddable":true,"href":"http:\/\/www.hospitalnossolar.com.br\/portal\/wp-json\/wp\/v2\/comments?post=40"}],"version-history":[{"count":87,"href":"http:\/\/www.hospitalnossolar.com.br\/portal\/wp-json\/wp\/v2\/pages\/40\/revisions"}],"predecessor-version":[{"id":860,"href":"http:\/\/www.hospitalnossolar.com.br\/portal\/wp-json\/wp\/v2\/pages\/40\/revisions\/860"}],"wp:attachment":[{"href":"http:\/\/www.hospitalnossolar.com.br\/portal\/wp-json\/wp\/v2\/media?parent=40"}],"curies":[{"name":"wp","href":"https:\/\/api.w.org\/{rel}","templated":true}]}}