{"id":228,"date":"2016-03-01T12:44:38","date_gmt":"2016-03-01T12:44:38","guid":{"rendered":"http:\/\/www.hospitalnossolar.com.br\/portal\/?page_id=228"},"modified":"2022-08-10T17:01:04","modified_gmt":"2022-08-10T17:01:04","slug":"gestoes","status":"publish","type":"page","link":"http:\/\/www.hospitalnossolar.com.br\/portal\/gestoes\/","title":{"rendered":"Gest\u00f5es"},"content":{"rendered":"<p><a href=\"http:\/\/www.hospitalnossolar.com.br\/portal\/wp-content\/uploads\/2016\/03\/BBIAV.jpg\" rel=\"attachment wp-att-229\"><img decoding=\"async\" class=\"alignleft wp-image-229 size-full\" src=\"http:\/\/www.hospitalnossolar.com.br\/portal\/wp-content\/uploads\/2016\/03\/BBIAV.jpg\" alt=\"MARIA EDWIGES BORGES\" width=\"106\" height=\"163\" \/><\/a><\/p>\n<h3><span style=\"color: #808000;\"><strong><span style=\"font-size: small;\">1 &#8211; MARIA EDWIGES BORGES (1966 &#8211; 1997)<\/span><\/strong><\/span><\/h3>\n<p style=\"text-align: justify;\">Maria Edwiges Borges \u00e9 um nome expressivo nos anais da hist\u00f3ria de Campo Grande, pois seu trabalho assistencial se estendeu por v\u00e1rias regi\u00f5es deste Estado onde foi sempre recebida com carinho e considera\u00e7\u00e3o.<br \/>\nDona Edwiges, como foi conhecida, dirigiu\u00a0 o Hospital Nosso Lar de janeiro de 1966\u00a0 \u00e0\u00a0 agosto de 1997, ficando ainda como Presidente de Honra do mesmo at\u00e9 25\/07\/2000, quando\u00a0 ent\u00e3o veio a falecer \u00e0 01h30, aos 84 anos e nove meses de idade por causas naturais. O corpo foi velado onde saiu \u00e0s 15:00 h. para o cemit\u00e9rio Santo Ant\u00f4nio, deixando como heran\u00e7a um exemplo a ser seguido.<br \/>\nD. Edwiges foi tamb\u00e9m diretora da Sirpha (Sociedade de Integra\u00e7\u00e3o e Reabilita\u00e7\u00e3o da Pessoa Humana) que atende aos egressos hansenianos. Fundou em 1979 a Federa\u00e7\u00e3o Esp\u00edrita de Mato Grosso do Sul, que presidiu por 18 anos. M\u00e9dium, escritora, expositora, foi Presidente por v\u00e1rios mandatos, desde 1953, do Centro Esp\u00edrita\u00a0 Disc\u00edpulos de Jesus,\u00a0 existente em Campo Grande\u00a0 fundado em 03 de maio de 1934, \u00e0 rua Maracaju, 244\/250, sendo a iniciadora do Movimento Esp\u00edrita em Mato Grosso do Sul, criando o primeiro grupo social de que se tem not\u00edcia nesta cidade, existindo at\u00e9 hoje com a denomina\u00e7\u00e3o de Assist\u00eancia aos Necessitados, fundando e incentivando ainda\u00a0 grande n\u00famero de grupos de trabalhos voltados \u00e0s obras caritativas e de estudos da Doutrina Esp\u00edrita.<br \/>\nD. Edwiges pertenceu a uma fam\u00edlia tradicional com ra\u00edzes em Mato Grosso nas cidades de Porto Murtinho, C\u00e1ceres e Corumb\u00e1. Nasceu no Rio de Janeiro, veio para Mato Grosso, ainda n\u00e3o dividido, jovem na \u00e9poca.<br \/>\nNa adolesc\u00eancia, vindo do Rio de Janeiro, estabeleceu-se em Porto Murtinho. Estudou em Corumb\u00e1 e em Cuiab\u00e1. Fixou resid\u00eancia em Campo Grande no ano de 1942. Casou-se com Gumercindo Bruno Borges, militar que alcan\u00e7ou o posto de Major.<br \/>\nN\u00e3o teve filhos carnais, sendo por\u00e9m venerada como m\u00e3e espiritual daqueles que se acercavam dela e com ela aprenderam\u00a0 as primeiras no\u00e7\u00f5es da Doutrina codificada por Allan Kardec e de fraternidade crist\u00e3.<\/p>\n<hr \/>\n<p><a href=\"http:\/\/www.hospitalnossolar.com.br\/portal\/wp-content\/uploads\/2016\/03\/rYMDR.jpg\" rel=\"attachment wp-att-232\"><img decoding=\"async\" class=\"alignleft size-full wp-image-232\" src=\"http:\/\/www.hospitalnossolar.com.br\/portal\/wp-content\/uploads\/2016\/03\/rYMDR.jpg\" alt=\"rYMDR\" width=\"107\" height=\"160\" \/><\/a><\/p>\n<h3><span style=\"color: #808000;\"><strong><span style=\"font-size: small;\">2 &#8211; JERONYMO GON\u00c7ALVES DA FONSECA (1997 &#8211; 2007) <\/span><\/strong><\/span><\/h3>\n<p style=\"text-align: justify;\">Nascido aos 14\/01\/1928 na cidade de Campo Grande, MS. 2\u00ba\u00a0 filho de Modesto Gon\u00e7alves da Fonseca e Catharina Luiza da Fonseca. Viveu sua inf\u00e2ncia em uma ch\u00e1cara de seu pai entre as cidades Campo Grande e Rochedo, as margens do rio Ceroula. Estudou\u00a0 na Escola Osvaldo Cruz a partir dos 12 anos de idade at\u00e9 formar-se no curso de Contador em 1953. Foi diplomado e licenciado tamb\u00e9m no ano de 1965 em Pedagogia pela Faculdade Dom Aquino de Filosofia, Ci\u00eancias e Letras.<br \/>\nMudou-se em definitivo para Campo Grande no ano de 1947 e no ano de 1954 perdeu seu pai com 23 anos de idade.<br \/>\nTrabalhou como funcion\u00e1rio da Concession\u00e1ria Ford em Campo Grande de 1944 a 1966, tendo tamb\u00e9m neste per\u00edodo, no ano de 1954 trabalhado em S\u00e3o Paulo por apenas 6 meses em um a ag\u00eancia um Banco, retornando em seguida para sua cidade natal.<br \/>\nCasou-se com Maria Ot\u00edlia Guerreiro da Fonseca no ano de 1957, sendo pai de 4 filhos; Rosane Mara Gon\u00e7alves da Fonseca, Enier Guerreiro da Fonseca, Zilei Guerreiro da Fonseca e Mariel Guerreiro da Fonseca.<br \/>\nNo ano de 1966, desligou-se da Concession\u00e1ria Ford, constituindo neg\u00f3cio pr\u00f3prio no ramo de auto-pe\u00e7as at\u00e9 o encerramento desta atividade no ano de 1982. Aposentou-se em 1979 por tempo de servi\u00e7o pelo Instituto Nacional de Previd\u00eancia Social.<br \/>\nIniciou suas atividades esp\u00edritas por volta do ano de 1950 no Centro Esp\u00edrita Disc\u00edpulos de Jesus e no ano de 1952 conforme registro em\u00a0 Ata, exerceu o cargo de Conselheiro Fiscal na Mocidade Esp\u00edrita Campograndense. Desde ent\u00e3o, j\u00e1 come\u00e7ou a trabalhar nas obras para a constru\u00e7\u00e3o do Sanat\u00f3rio Mato Grosso.<br \/>\nDe 1957 a 1959 ocupou o cargo de Secret\u00e1rio do Centro Esp\u00edrita e de 1959 a 1979 o cargo de Vice Presidente.\u00a0 Ap\u00f3s esta data, assumiu a Presid\u00eancia do Centro Esp\u00edrita, da Casa da Crian\u00e7a e\u00a0 foi Vice Diretor do Hospital Nosso Lar, quando no ano de 1997 com o afastamento da Sr\u00aa Edwiges do cargo de Diretora do Hospital, passou ent\u00e3o a assumir esta fun\u00e7\u00e3o at\u00e9 o dia 14 de setembro de 2007.<br \/>\nFoi Vice Presidente da Federa\u00e7\u00e3o Esp\u00edrita de Mato Grosso do Sul do ano de 1979 a 1997 e Presidente desta Federa\u00e7\u00e3o do ano de 1997 at\u00e9 o ano de 2000.<br \/>\nA vida do Sr\u00ba Jeronymo \u00e9 digna de ser escrita em livro pelo grande trabalho realizado, n\u00e3o s\u00f3 em pro da causa esp\u00edrita, como pelos ensinamentos\u00a0 deixados e tamb\u00e9m como um grande pai que foi, um excelente marido, uma pessoa de grande car\u00e1ter, determina\u00e7\u00e3o, perseveran\u00e7a e de muito aux\u00edlio aos mais necessita<\/p>\n<hr \/>\n<h3><span style=\"color: #808000;\"><strong><span style=\"font-size: small;\">3 &#8211; ANGELA MARA BARSANTE SANTOS MORENO (2007 &#8211; 2015)<\/span><\/strong><\/span><\/h3>\n<h3><span style=\"color: #808000;\"><strong><span style=\"font-size: small;\">4 &#8211; ENIER GUERREIRO DA FONSECA (05\/2015 &#8211; 05\/2018)<\/span><\/strong><\/span><\/h3>\n<h3><span style=\"color: #808000;\"><strong><span style=\"font-size: small;\">5 &#8211; ENIER GUERREIRO DA FONSECA (05\/2018 &#8211; 04\/2021)<\/span><\/strong><\/span><\/h3>\n<h3><span style=\"color: #808000;\"><strong><span style=\"font-size: small;\">6 &#8211; ENIER GUERREIRO DA FONSECA (04\/2021 &#8211; 04\/2024)<\/span><\/strong><\/span><\/h3>\n","protected":false},"excerpt":{"rendered":"<p>1 &#8211; MARIA EDWIGES BORGES (1966 &#8211; 1997) Maria Edwiges Borges \u00e9 um nome expressivo nos anais da hist\u00f3ria de Campo Grande, pois seu trabalho assistencial se estendeu por v\u00e1rias regi\u00f5es deste Estado onde foi sempre recebida com carinho e considera\u00e7\u00e3o. Dona Edwiges, como foi conhecida, dirigiu\u00a0 o Hospital Nosso Lar de janeiro de 1966\u00a0 [&hellip;]<\/p>\n","protected":false},"author":1,"featured_media":0,"parent":0,"menu_order":0,"comment_status":"closed","ping_status":"closed","template":"","meta":{"footnotes":""},"class_list":["post-228","page","type-page","status-publish","hentry"],"_links":{"self":[{"href":"http:\/\/www.hospitalnossolar.com.br\/portal\/wp-json\/wp\/v2\/pages\/228","targetHints":{"allow":["GET"]}}],"collection":[{"href":"http:\/\/www.hospitalnossolar.com.br\/portal\/wp-json\/wp\/v2\/pages"}],"about":[{"href":"http:\/\/www.hospitalnossolar.com.br\/portal\/wp-json\/wp\/v2\/types\/page"}],"author":[{"embeddable":true,"href":"http:\/\/www.hospitalnossolar.com.br\/portal\/wp-json\/wp\/v2\/users\/1"}],"replies":[{"embeddable":true,"href":"http:\/\/www.hospitalnossolar.com.br\/portal\/wp-json\/wp\/v2\/comments?post=228"}],"version-history":[{"count":4,"href":"http:\/\/www.hospitalnossolar.com.br\/portal\/wp-json\/wp\/v2\/pages\/228\/revisions"}],"predecessor-version":[{"id":760,"href":"http:\/\/www.hospitalnossolar.com.br\/portal\/wp-json\/wp\/v2\/pages\/228\/revisions\/760"}],"wp:attachment":[{"href":"http:\/\/www.hospitalnossolar.com.br\/portal\/wp-json\/wp\/v2\/media?parent=228"}],"curies":[{"name":"wp","href":"https:\/\/api.w.org\/{rel}","templated":true}]}}