{"id":217,"date":"2016-03-01T12:29:11","date_gmt":"2016-03-01T12:29:11","guid":{"rendered":"http:\/\/www.hospitalnossolar.com.br\/portal\/?page_id=217"},"modified":"2016-03-01T12:36:35","modified_gmt":"2016-03-01T12:36:35","slug":"nossa-organizacao","status":"publish","type":"page","link":"http:\/\/www.hospitalnossolar.com.br\/portal\/nossa-organizacao\/","title":{"rendered":"Nossa Organiza\u00e7\u00e3o"},"content":{"rendered":"<h3><span style=\"color: #808000;\"><strong>Nossa Organiza\u00e7\u00e3o<\/strong><\/span><\/h3>\n<div style=\"text-align: justify;\">\n<p><span style=\"font-size: medium;\">O HOSPITAL NOSSO LAR, a<\/span><span style=\"font-size: medium;\"><span style=\"font-size: medium;\">tua no mercado de servi\u00e7os hospitalares, no tratamento de doentes mentais, dependentes qu\u00edmicos e pessoas carentes que necessitem de atendimento m\u00e9dico-hospitalar. Mant\u00e9m em seu quadro de recursos humanos, profissionais qualificados e em constante desenvolvimento no sentido de manter a qualidade e credibilidade nos atendimentos j\u00e1 conquistados e trabalha no sentido de continuar aprimorando a qualidade dos servi\u00e7os oferecidos aos clientes.<\/span><\/span><\/p>\n<hr \/>\n<h3><strong><span style=\"color: #808000;\">Nosso Compromisso<\/span><\/strong><\/h3>\n<\/div>\n<div style=\"text-align: justify;\"><span style=\"font-size: medium;\">Atender aos Princ\u00edpios da Hospitalidade com Qualidade \u00e9 um fator de diferencia\u00e7\u00e3o competitiva num mercado de cont\u00ednua transforma\u00e7\u00e3o onde a satisfa\u00e7\u00e3o do cliente e de nossos colaboradores s\u00e3o os propulsores da nossa Pol\u00edtica de atua\u00e7\u00e3o.<\/span><span style=\"font-size: medium;\"> N\u00f3s, do HOSPITAL NOSSO LAR, primamos pela qualidade de nossos servi\u00e7os e desenvolvemos nossa MISS\u00c3O, VIS\u00c3O E POL\u00cdTICA\u00a0 de forma a incorporar aos servi\u00e7os, cont\u00ednua evolu\u00e7\u00e3o de nossa institui\u00e7\u00e3o, colaboradores e parceiros.<\/span><\/div>\n<hr \/>\n<h3><strong><span style=\"color: #808000;\">Miss\u00e3o<\/span><\/strong><\/h3>\n<div style=\"text-align: justify;\">&#8221; Valorizar as rela\u00e7\u00f5es humanas, atrav\u00e9s da presta\u00e7\u00e3o de servi\u00e7os de sa\u00fade, de forma dedicada, criteriosa e \u00e9tica, superando as expectativas dos clientes, mantendo a solidez e a credibilidade do hospital junto \u00e0 sociedade.&#8221;<\/div>\n<hr \/>\n<h3><strong><span style=\"color: #808000;\">Vis\u00e3o<\/span><\/strong><\/h3>\n<div style=\"text-align: justify;\">\n<p>&#8220;Continuar sendo uma institui\u00e7\u00e3o hospitalar de refer\u00eancia do estado de Mato Grosso do Sul no tratamento de doen\u00e7as psiqui\u00e1tricas e mentais, buscando proporcionar a satisfa\u00e7\u00e3o de sua clientela pela presta\u00e7\u00e3o de servi\u00e7os de qualidade, de forma eficiente e eficaz, bem como, a valoriza\u00e7\u00e3o dos seus colaboradores.&#8221;<\/p>\n<hr \/>\n<\/div>\n<h3><strong>\u00a0<span style=\"font-size: x-large; color: #808000;\"><span style=\"font-size: xx-small;\"><span style=\"font-size: large;\">Pol\u00edtica do Hospital Nosso Lar<\/span><\/span><\/span><\/strong><\/h3>\n<div><span style=\"font-size: medium;\">&#8221; Preservar a sa\u00fade integral do ser.&#8221;<\/span><\/div>\n","protected":false},"excerpt":{"rendered":"<p>Nossa Organiza\u00e7\u00e3o O HOSPITAL NOSSO LAR, atua no mercado de servi\u00e7os hospitalares, no tratamento de doentes mentais, dependentes qu\u00edmicos e pessoas carentes que necessitem de atendimento m\u00e9dico-hospitalar. Mant\u00e9m em seu quadro de recursos humanos, profissionais qualificados e em constante desenvolvimento no sentido de manter a qualidade e credibilidade nos atendimentos j\u00e1 conquistados e trabalha no [&hellip;]<\/p>\n","protected":false},"author":1,"featured_media":0,"parent":0,"menu_order":0,"comment_status":"closed","ping_status":"closed","template":"","meta":{"footnotes":""},"class_list":["post-217","page","type-page","status-publish","hentry"],"_links":{"self":[{"href":"http:\/\/www.hospitalnossolar.com.br\/portal\/wp-json\/wp\/v2\/pages\/217","targetHints":{"allow":["GET"]}}],"collection":[{"href":"http:\/\/www.hospitalnossolar.com.br\/portal\/wp-json\/wp\/v2\/pages"}],"about":[{"href":"http:\/\/www.hospitalnossolar.com.br\/portal\/wp-json\/wp\/v2\/types\/page"}],"author":[{"embeddable":true,"href":"http:\/\/www.hospitalnossolar.com.br\/portal\/wp-json\/wp\/v2\/users\/1"}],"replies":[{"embeddable":true,"href":"http:\/\/www.hospitalnossolar.com.br\/portal\/wp-json\/wp\/v2\/comments?post=217"}],"version-history":[{"count":7,"href":"http:\/\/www.hospitalnossolar.com.br\/portal\/wp-json\/wp\/v2\/pages\/217\/revisions"}],"predecessor-version":[{"id":224,"href":"http:\/\/www.hospitalnossolar.com.br\/portal\/wp-json\/wp\/v2\/pages\/217\/revisions\/224"}],"wp:attachment":[{"href":"http:\/\/www.hospitalnossolar.com.br\/portal\/wp-json\/wp\/v2\/media?parent=217"}],"curies":[{"name":"wp","href":"https:\/\/api.w.org\/{rel}","templated":true}]}}